{"id":10,"date":"2021-11-27T10:00:11","date_gmt":"2021-11-27T10:00:11","guid":{"rendered":"https:\/\/ravina-products.com\/?page_id=10"},"modified":"2021-12-13T17:38:50","modified_gmt":"2021-12-13T17:38:50","slug":"refund_returns","status":"publish","type":"page","link":"https:\/\/ravina-products.com\/en\/refund_returns\/","title":{"rendered":"Delivery conditions"},"content":{"rendered":"<div data-elementor-type=\"wp-page\" data-elementor-id=\"10\" class=\"elementor elementor-10\">\n\t\t\t\t\t\t<section class=\"elementor-section elementor-top-section elementor-element elementor-element-812b3bd elementor-section-boxed elementor-section-height-default elementor-section-height-default\" data-id=\"812b3bd\" data-element_type=\"section\" data-e-type=\"section\">\n\t\t\t\t\t\t<div class=\"elementor-container elementor-column-gap-default\">\n\t\t\t\t\t<div class=\"elementor-column elementor-col-100 elementor-top-column elementor-element elementor-element-118dc995\" data-id=\"118dc995\" data-element_type=\"column\" data-e-type=\"column\">\n\t\t\t<div class=\"elementor-widget-wrap elementor-element-populated\">\n\t\t\t\t\t\t<div class=\"elementor-element elementor-element-47ea8ed elementor-widget elementor-widget-text-editor\" data-id=\"47ea8ed\" data-element_type=\"widget\" data-e-type=\"widget\" data-widget_type=\"text-editor.default\">\n\t\t\t\t<div class=\"elementor-widget-container\">\n\t\t\t\t\t\t\t\t\t<p><\/p>\n<p>Delivery conditions<\/p>\n<p><\/p>\n<p><\/p>\n<p><strong>1. Fut\u00e1rszolg\u00e1lat<\/strong><\/p>\n<p><\/p>\n<p><\/p>\n<p>A Szolg\u00e1ltat\u00f3 a megrendelt \u00e9s h\u00e1zhoz sz\u00e1ll\u00edtani k\u00e9rt \u00e1rut fut\u00e1rszolg\u00e1lat ig\u00e9nybev\u00e9tel\u00e9vel sz\u00e1ll\u00edtja h\u00e1zhoz.<\/p>\n<p><\/p>\n<p><\/p>\n<p>H\u00e1zhozsz\u00e1ll\u00edt\u00e1si d\u00edj:<\/p>\n<p><\/p>\n<p><\/p>\n<ul class=\"wp-block-list\">\n<li>Magyarorsz\u00e1gon 20 kg alatt egys\u00e9gesen:\u00a0<strong>990 Ft<\/strong><\/li>\n<li>15.000.- Ft \u00e9rt\u00e9k\u0171 v\u00e1s\u00e1rl\u00e1s felett a kisz\u00e1ll\u00edt\u00e1s Magyarorsz\u00e1g ter\u00fclet\u00e9n bel\u00fcl pedig\u00a0<strong>ingyenes<\/strong><\/li>\n<\/ul>\n<p>H\u00e1zhozsz\u00e1ll\u00edt\u00e1si id\u0151:<\/p>\n<ul>\n<li><b>2-5 munkanap<\/b><\/li>\n<\/ul>\n<p><\/p>\n<p><\/p>\n<p>A Weboldalon megrendelt szolg\u00e1ltat\u00e1sokat a Szolg\u00e1ltat\u00f3 az \u00dcgyf\u00e9lnek e-mailben k\u00fcld\u00f6tt rendel\u00e9si visszaigazol\u00e1sban szerepl\u0151 helysz\u00ednen teljes\u00edti.<br \/>Az \u00dcgyf\u00e9l a Szolg\u00e1ltat\u00f3 \u00e1ltal biztos\u00edtott fizet\u00e9si \u00e9s sz\u00e1ll\u00edt\u00e1si m\u00f3dokr\u00f3l v\u00e1laszthat a rendel\u00e9s elk\u00fcld\u00e9se el\u0151tt.<\/p>\n<p><\/p>\n<p><\/p>\n<p><strong>Jelenleg az al\u00e1bbi fizet\u00e9si m\u00f3dokat v\u00e1laszthatod web\u00e1ruh\u00e1zunkban:<\/strong><\/p>\n<p><\/p>\n<p><\/p>\n<ol class=\"wp-block-list\">\n<li>Bankk\u00e1rty\u00e1s fizet\u00e9s (Visa, Visa Electron, Mastercard, Maestro)<\/li>\n<li>\u00a0Ut\u00e1nv\u00e9t<\/li>\n<\/ol>\n<p><\/p>\n<p><\/p>\n<p>A csomag megrendel\u00e9se el\u0151tt lehet\u0151s\u00e9g van ut\u00e1nv\u00e9t ig\u00e9nyl\u00e9s\u00e9re. Ez azt jelenti, hogy a csomag \u00e9rt\u00e9k\u00e9t \u00e9s a sz\u00e1ll\u00edt\u00e1s d\u00edj\u00e1t is fizetheti a c\u00edmzett a k\u00fcldem\u00e9ny \u00e1tv\u00e9telekor a fut\u00e1rnak k\u00e9szp\u00e9nzben vagy bankk\u00e1rty\u00e1val. A szolg\u00e1ltat\u00e1s d\u00edja:\u00a0400.- Ft, mely hozz\u00e1ad\u00f3dik a csomagsz\u00e1ll\u00edt\u00e1si d\u00edjhoz. A m\u00f3dos\u00edt\u00e1s jog\u00e1t fenntartjuk.<\/p>\n<p><\/p>\t\t\t\t\t\t\t\t<\/div>\n\t\t\t\t<\/div>\n\t\t\t\t\t<\/div>\n\t\t<\/div>\n\t\t\t\t\t<\/div>\n\t\t<\/section>\n\t\t\t\t<\/div>","protected":false},"excerpt":{"rendered":"<p>Sz\u00e1ll\u00edt\u00e1s \u00e9s fizet\u00e9s 1. Fut\u00e1rszolg\u00e1lat A Szolg\u00e1ltat\u00f3 a megrendelt \u00e9s h\u00e1zhoz sz\u00e1ll\u00edtani k\u00e9rt \u00e1rut fut\u00e1rszolg\u00e1lat ig\u00e9nybev\u00e9tel\u00e9vel sz\u00e1ll\u00edtja h\u00e1zhoz. H\u00e1zhozsz\u00e1ll\u00edt\u00e1si d\u00edj: Magyarorsz\u00e1gon 20 kg alatt egys\u00e9gesen:\u00a0990 Ft 15.000.- Ft \u00e9rt\u00e9k\u0171 v\u00e1s\u00e1rl\u00e1s felett a kisz\u00e1ll\u00edt\u00e1s Magyarorsz\u00e1g ter\u00fclet\u00e9n bel\u00fcl pedig\u00a0ingyenes H\u00e1zhozsz\u00e1ll\u00edt\u00e1si id\u0151: 2-5 munkanap A Weboldalon megrendelt szolg\u00e1ltat\u00e1sokat a Szolg\u00e1ltat\u00f3 az \u00dcgyf\u00e9lnek e-mailben k\u00fcld\u00f6tt rendel\u00e9si visszaigazol\u00e1sban szerepl\u0151 helysz\u00ednen [&hellip;]<\/p>\n","protected":false},"author":1,"featured_media":0,"parent":0,"menu_order":0,"comment_status":"closed","ping_status":"closed","template":"","meta":{"footnotes":""},"class_list":["post-10","page","type-page","status-publish","hentry"],"blocksy_meta":{"styles_descriptor":{"styles":{"desktop":"","tablet":"","mobile":""},"google_fonts":[],"version":4}},"_links":{"self":[{"href":"https:\/\/ravina-products.com\/en\/wp-json\/wp\/v2\/pages\/10","targetHints":{"allow":["GET"]}}],"collection":[{"href":"https:\/\/ravina-products.com\/en\/wp-json\/wp\/v2\/pages"}],"about":[{"href":"https:\/\/ravina-products.com\/en\/wp-json\/wp\/v2\/types\/page"}],"author":[{"embeddable":true,"href":"https:\/\/ravina-products.com\/en\/wp-json\/wp\/v2\/users\/1"}],"replies":[{"embeddable":true,"href":"https:\/\/ravina-products.com\/en\/wp-json\/wp\/v2\/comments?post=10"}],"version-history":[{"count":5,"href":"https:\/\/ravina-products.com\/en\/wp-json\/wp\/v2\/pages\/10\/revisions"}],"predecessor-version":[{"id":545,"href":"https:\/\/ravina-products.com\/en\/wp-json\/wp\/v2\/pages\/10\/revisions\/545"}],"wp:attachment":[{"href":"https:\/\/ravina-products.com\/en\/wp-json\/wp\/v2\/media?parent=10"}],"curies":[{"name":"wp","href":"https:\/\/api.w.org\/{rel}","templated":true}]}}