{"id":445,"date":"2021-12-12T08:19:46","date_gmt":"2021-12-12T08:19:46","guid":{"rendered":"https:\/\/ravina-products.com\/?page_id=445"},"modified":"2021-12-13T17:42:54","modified_gmt":"2021-12-13T17:42:54","slug":"cookie","status":"publish","type":"page","link":"https:\/\/ravina-products.com\/en\/cookie\/","title":{"rendered":"cookie"},"content":{"rendered":"<div data-elementor-type=\"wp-page\" data-elementor-id=\"445\" class=\"elementor elementor-445\">\n\t\t\t\t\t\t<section class=\"elementor-section elementor-top-section elementor-element elementor-element-62ee73bf elementor-section-boxed elementor-section-height-default elementor-section-height-default\" data-id=\"62ee73bf\" data-element_type=\"section\" data-e-type=\"section\">\n\t\t\t\t\t\t<div class=\"elementor-container elementor-column-gap-default\">\n\t\t\t\t\t<div class=\"elementor-column elementor-col-100 elementor-top-column elementor-element elementor-element-6046d1e2\" data-id=\"6046d1e2\" data-element_type=\"column\" data-e-type=\"column\">\n\t\t\t<div class=\"elementor-widget-wrap elementor-element-populated\">\n\t\t\t\t\t\t<div class=\"elementor-element elementor-element-71e5d2a4 elementor-widget elementor-widget-text-editor\" data-id=\"71e5d2a4\" data-element_type=\"widget\" data-e-type=\"widget\" data-widget_type=\"text-editor.default\">\n\t\t\t\t<div class=\"elementor-widget-container\">\n\t\t\t\t\t\t\t\t\t<p><strong><u>Cookie-k alkalmaz\u00e1s\u00e1val \u00f6sszef\u00fcgg\u0151 adatkezel\u00e9s<\/u><\/strong><\/p>\n<p>Honlapunk cookie-kat haszn\u00e1l annak megfelel\u0151 m\u0171k\u00f6d\u00e9s\u00e9nek, valamint alapvet\u0151 \u00e9s k\u00e9nyelmi funkci\u00f3k biztos\u00edt\u00e1sa \u00e9rdek\u00e9ben, marketing c\u00e9lb\u00f3l, tov\u00e1bb\u00e1 anonim statisztik\u00e1k k\u00e9sz\u00edt\u00e9se c\u00e9lj\u00e1b\u00f3l.<\/p>\n<p>A cookie\/cookie egy olyan f\u00e1jl (inform\u00e1ci\u00f3csomag), amely akkor ker\u00fcl(het) a b\u00f6ng\u00e9sz\u00e9sre haszn\u00e1lt eszk\u00f6zre, amikor az \u00e9rintett egy weboldalt l\u00e1togat meg. A cookie-k alkalmaz\u00e1sa lehet\u0151s\u00e9get biztos\u00edt a l\u00e1togat\u00f3 egyes adatainak lek\u00e9rdez\u00e9s\u00e9re, valamint internet-haszn\u00e1lati szok\u00e1sainak r\u00f6gz\u00edt\u00e9s\u00e9re. \u00c1ltal\u00e1noss\u00e1gban a cookie-k megk\u00f6nny\u00edthetik egy honlap haszn\u00e1lat\u00e1t, el\u0151seg\u00edthetik, hogy a honlap az \u00e9rintett sz\u00e1m\u00e1ra megfelel\u0151 inform\u00e1ci\u00f3t ny\u00fajtson, illetve biztos\u00edtj\u00e1k a honlap \u00fczemeltet\u0151i r\u00e9sz\u00e9re az oldal m\u0171k\u00f6d\u00e9se feletti fel\u00fcgyeletet (pl. vissza\u00e9l\u00e9sek megakad\u00e1lyoz\u00e1sa \u00e9s az oldalon el\u00e9rhet\u0151 szolg\u00e1ltat\u00e1sok megfelel\u0151 biztos\u00edt\u00e1sa).<\/p>\n<p>Honlapunkon harmadik felekt\u0151l sz\u00e1rmaz\u00f3 cookiek is megjelennek. A harmadik f\u00e9l \u00e1ltal alkalmazott cookiek eset\u00e9ben a jelen dokumentumban tal\u00e1lhat\u00f3 t\u00e1bl\u00e1zatban azonos\u00edtott harmadik szem\u00e9lyek min\u0151s\u00fclnek adatkezel\u0151nek, T\u00e1rsas\u00e1gunknak, mint Adatkezel\u0151nek csak korl\u00e1tozott befoly\u00e1sa van a harmadik szem\u00e9lyt\u0151l sz\u00e1rmaz\u00f3 cookie-kra vonatkoz\u00f3an, az ilyen adatkezel\u00e9sekre a harmadik f\u00e9l adatkezel\u00e9si szab\u00e1lyzata az ir\u00e1nyad\u00f3.A Google Analytics cookie alkalmaz\u00e1ssal \u00f6sszef\u00fcgg\u0151 t\u00e1j\u00e9koztat\u00f3j\u00e1t az al\u00e1bbi linken \u00e9rheti el:<a href=\"https:\/\/developers.google.com\/analytics\/devguides\/collection\/analyticsjs\/cookie-usage\" target=\"_blank\" rel=\"noopener\">https:\/\/developers.google.com\/analytics\/devguides\/collection\/analyticsjs\/cookie-usage<\/a>. A Google adatv\u00e9delmi ir\u00e1nyelveit az al\u00e1bbi linken \u00e9rheti el:<a href=\"https:\/\/policies.google.com\/privacy?hl=hu&amp;gl=hu\" target=\"_blank\" rel=\"noopener\">https:\/\/policies.google.com\/privacy?hl=hu&amp;gl=hu<\/a><\/p>\n<p>A harmadik f\u00e9l \u00e1ltal biztos\u00edtott cookie-k adatai ezen szolg\u00e1ltat\u00f3k r\u00e9sz\u00e9re tov\u00e1bb\u00edt\u00e1sra ker\u00fclhetnek, amennyiben az \u00d6n b\u00f6ng\u00e9sz\u0151 be\u00e1ll\u00edt\u00e1sai ezt nem tiltj\u00e1k. A tov\u00e1bb\u00edtott adatokat ezen harmadik f\u00e9l szolg\u00e1ltat\u00f3k \u00f6n\u00e1ll\u00f3 adatkezel\u0151k\u00e9nt saj\u00e1t c\u00e9ljaikra haszn\u00e1lj\u00e1k fel. Amennyiben \u00d6n nem szeretn\u00e9 enged\u00e9lyezni az adatainak tov\u00e1bb\u00edt\u00e1s\u00e1t, \u00fagy azt al\u00e1bbi linken, illetve b\u00f6ng\u00e9sz\u0151 modul let\u00f6lt\u00e9s\u00e9vel \u00e9s telep\u00edt\u00e9s\u00e9vel megtilthatja ezt:<a href=\"https:\/\/tools.google.com\/dlpage\/gaoptout?hl=en\" target=\"_blank\" rel=\"noopener\">https:\/\/tools.google.com\/dlpage\/gaoptout?hl=en<\/a>.<\/p>\n<p>A <a href=\"https:\/\/ravina-products.com\/en\/\">www.ravina-products.com<\/a> weboldalra val\u00f3 bel\u00e9p\u00e9ssel, ha ezt a L\u00e1togat\u00f3 \u00e1ltal haszn\u00e1lt b\u00f6ng\u00e9sz\u0151 be\u00e1ll\u00edt\u00e1sok engedik, vagy ezt a L\u00e1togat\u00f3 a weboldal els\u0151 l\u00e1togat\u00e1sakor kifejezetten j\u00f3v\u00e1hagyja, a weboldal automatikusan elmenthet inform\u00e1ci\u00f3kat ezen cookie-k seg\u00edts\u00e9g\u00e9vel. A cookie-k haszn\u00e1lat\u00e1nak enged\u00e9lyez\u00e9se \u00f6nk\u00e9ntes. A cookie-k letilt\u00e1sa \u00e1ltal\u00e1ban a b\u00f6ng\u00e9sz\u0151 Eszk\u00f6z\u00f6k\/Be\u00e1ll\u00edt\u00e1sok men\u00fcj\u00e9ben, adatv\u00e9delem \u00e9s\/vagy cookie vagy cookie men\u00fcpont alatt kereszt\u00fcl lehets\u00e9ges.<\/p>\n<p>Honlapunk els\u0151 haszn\u00e1lata sor\u00e1n felugr\u00f3 Cookie Figyelmeztet\u00e9s sor\u00e1n adott hozz\u00e1j\u00e1rul\u00e1ssal \u00e9s a honlap haszn\u00e1lat\u00e1val \u00d6n elfogadja a cookiek (cookie) haszn\u00e1lat\u00e1t a jelen cookie-szab\u00e1lyoz\u00e1si \u00e9rtes\u00edt\u00e9snek megfelel\u0151en, mely mag\u00e1ban foglalja azt, hogy \u00d6n elfogadja harmadik f\u00e9l \u00e1ltal elhelyezett cookie haszn\u00e1lat\u00e1t a lejjebb r\u00e9szletezett c\u00e9lokra \u00e9s felt\u00e9telekkel. Amennyiben nem fogadja el a cookiek haszn\u00e1lat\u00e1t, vagy azokat r\u00e9szben korl\u00e1tozni szeretn\u00e9, k\u00e9rj\u00fck, tiltsa le \u0151ket a b\u00f6ng\u00e9sz\u0151 be\u00e1ll\u00edt\u00e1sainak m\u00f3dos\u00edt\u00e1s\u00e1val, \u00edgy a weboldalon tal\u00e1lhat\u00f3 cookiek nem helyezhet\u0151k a sz\u00e1m\u00edt\u00f3g\u00e9p\u00e9re.<\/p>\n<p>Jelen cookie t\u00e1j\u00e9koztat\u00f3nk az Adatkezel\u00e9si T\u00e1j\u00e9koztat\u00f3nkkal egy\u00fctt \u00e9rtelmezend\u0151, amely r\u00e9szletes t\u00e1j\u00e9koztat\u00e1st tartalmaz az adatkezel\u0151 szem\u00e9ly\u00e9r\u0151l \u00e9s el\u00e9rhet\u0151s\u00e9g\u00e9r\u0151l, valamint az \u00c9rintettek jogair\u00f3l, \u00e9s ami szint\u00e9n el\u00e9rhet\u0151 a honlapunkon itt.<\/p>\n<p>\u00a0<\/p>\n<p><u>A legn\u00e9pszer\u0171bb b\u00f6ng\u00e9sz\u0151k cookie be\u00e1ll\u00edt\u00e1sair\u00f3l az al\u00e1bbi linkeken t\u00e1j\u00e9koz\u00f3dhat:<\/u><\/p>\n<p>Google Chrome: https:\/\/support.google.com\/accounts\/answer\/61416?hl=hu<\/p>\n<p>Firefox: https:\/\/support.mozilla.org\/hu\/kb\/sutik-engedelyezese-es-tiltasa-amit-weboldak-haszn<\/p>\n<p>Microsoft Internet Explorer 11: http:\/\/windows.microsoft.com\/hu-hu\/internet-explorer\/delete-manage-cookies#ie=ie-11<\/p>\n<p>Microsoft Internet Explorer 10: http:\/\/windows.microsoft.com\/hu-hu\/internet-explorer\/delete-manage-cookies#ie=ie-10-win-7<\/p>\n<p>Microsoft Internet Explorer 9: http:\/\/windows.microsoft.com\/hu-hu\/internet-explorer\/delete-manage-cookies#ie=ie-9<\/p>\n<p>Microsoft Internet Explorer 8: http:\/\/windows.microsoft.com\/hu-hu\/internet-explorer\/delete-manage-cookies#ie=ie-8<\/p>\n<p>Microsoft Edge: http:\/\/windows.microsoft.com\/hu-hu\/windows-10\/edge-privacy-faq<\/p>\n<p>Safari: https:\/\/support.apple.com\/hu-hu\/HT201265<\/p>\n<p><strong><u>Weboldalunk a k\u00f6vetkez\u0151 cookie-kat alkalmazza: <\/u><\/strong><\/p>\n<p><strong>Felt\u00e9tlen\u00fcl sz\u00fcks\u00e9ges cookiek (cookie-k): <\/strong><\/p>\n<p>Ezek a cookiek olyan funkci\u00f3kat biztos\u00edtanak, amelyek n\u00e9lk\u00fcl a Honlap nem m\u0171k\u00f6dik megfelel\u0151en, ezen cookiek alkalmaz\u00e1sa felt\u00e9tlen\u00fcl sz\u00fcks\u00e9ges, az ezzel \u00f6sszef\u00fcgg\u0151 adatkezel\u00e9s jogalapja az Adatkezel\u0151 jogos \u00e9rdeke a honlap megfelel\u0151 biztos\u00edt\u00e1s\u00e1ra.<\/p>\n<table width=\"948\">\n<tbody>\n<tr>\n<td width=\"234\">\n<p><strong>A cookie neve<\/strong><\/p>\n<\/td>\n<td width=\"588\">\n<p><strong>A cookie c\u00e9lja<\/strong><\/p>\n<\/td>\n<td width=\"126\">\n<p><strong>Lej\u00e1rati id\u0151<\/strong><\/p>\n<\/td>\n<\/tr>\n<tr>\n<td width=\"234\">\n<p>viewed_cookie_policy<\/p>\n<\/td>\n<td width=\"588\">\n<p>A cookie-t a GDPR Cookie Consent plugin \u00e1ll\u00edtja be, \u00e9s annak t\u00e1rol\u00e1s\u00e1ra szolg\u00e1l, hogy a felhaszn\u00e1l\u00f3 hozz\u00e1j\u00e1rult-e a cookie-k haszn\u00e1lat\u00e1hoz vagy sem. Nem t\u00e1rol semmilyen szem\u00e9lyes adatot.<\/p>\n<\/td>\n<td width=\"126\">\n<p>\u00a0<\/p>\n<\/td>\n<\/tr>\n<tr>\n<td width=\"234\">\n<p>cookielawinfo-checkbox-advertisement<\/p>\n<\/td>\n<td width=\"588\">\n<p>Ezt a cookie-t a GDPR Cookie Consent plugin \u00e1ll\u00edtja be. A cookie az \u201eAdvertisement\u201d kateg\u00f3ri\u00e1ba tartoz\u00f3 cookie-khoz val\u00f3 felhaszn\u00e1l\u00f3i hozz\u00e1j\u00e1rul\u00e1s t\u00e1rol\u00e1s\u00e1ra szolg\u00e1l.<\/p>\n<\/td>\n<td width=\"126\">\n<p>11 h\u00f3nap<\/p>\n<\/td>\n<\/tr>\n<tr>\n<td width=\"234\">\n<p>cookielawinfo-checkbox-analytics<\/p>\n<\/td>\n<td width=\"588\">\n<p>Ezt a cookie-t a GDPR Cookie Consent plugin \u00e1ll\u00edtja be. A cookie az \u201eAnalytics\u201d kateg\u00f3ri\u00e1ba tartoz\u00f3 cookie-khoz val\u00f3 felhaszn\u00e1l\u00f3i hozz\u00e1j\u00e1rul\u00e1s t\u00e1rol\u00e1s\u00e1ra szolg\u00e1l.<\/p>\n<\/td>\n<td width=\"126\">\n<p>11 h\u00f3nap<\/p>\n<\/td>\n<\/tr>\n<tr>\n<td width=\"234\">\n<p>cookielawinfo-checkbox-functional<\/p>\n<\/td>\n<td width=\"588\">\n<p>Ezt a cookie-t a GDPR Cookie Consent plugin \u00e1ll\u00edtja be. A cookie az \u201eFunctional\u201d kateg\u00f3ri\u00e1ba tartoz\u00f3 cookie-khoz val\u00f3 felhaszn\u00e1l\u00f3i hozz\u00e1j\u00e1rul\u00e1s t\u00e1rol\u00e1s\u00e1ra szolg\u00e1l.<\/p>\n<\/td>\n<td width=\"126\">\n<p>11 h\u00f3nap<\/p>\n<\/td>\n<\/tr>\n<tr>\n<td width=\"234\">\n<p>cookielawinfo-checkbox-necessary<\/p>\n<\/td>\n<td width=\"588\">\n<p>Ezt a cookie-t a GDPR Cookie Consent plugin \u00e1ll\u00edtja be. A cookie az \u201eNecessary\u201d kateg\u00f3ri\u00e1ba tartoz\u00f3 cookie-khoz val\u00f3 felhaszn\u00e1l\u00f3i hozz\u00e1j\u00e1rul\u00e1s t\u00e1rol\u00e1s\u00e1ra szolg\u00e1l.<\/p>\n<\/td>\n<td width=\"126\">\n<p>11 h\u00f3nap<\/p>\n<\/td>\n<\/tr>\n<tr>\n<td width=\"234\">\n<p>cookielawinfo-checkbox-others<\/p>\n<\/td>\n<td width=\"588\">\n<p>Ezt a cookie-t a GDPR Cookie Consent plugin \u00e1ll\u00edtja be. A cookie az \u201eOthers\u201d kateg\u00f3ri\u00e1ba tartoz\u00f3 cookie-khoz val\u00f3 felhaszn\u00e1l\u00f3i hozz\u00e1j\u00e1rul\u00e1s t\u00e1rol\u00e1s\u00e1ra szolg\u00e1l.<\/p>\n<\/td>\n<td width=\"126\">\n<p>11 h\u00f3nap<\/p>\n<\/td>\n<\/tr>\n<tr>\n<td width=\"234\">\n<p>cookielawinfo-checkbox-performance<\/p>\n<\/td>\n<td width=\"588\">\n<p>Ezt a cookie-t a GDPR Cookie Consent plugin \u00e1ll\u00edtja be. A cookie az \u201ePerformance\u201d kateg\u00f3ri\u00e1ba tartoz\u00f3 cookie-khoz val\u00f3 felhaszn\u00e1l\u00f3i hozz\u00e1j\u00e1rul\u00e1s t\u00e1rol\u00e1s\u00e1ra szolg\u00e1l.<\/p>\n<\/td>\n<td width=\"126\">\n<p>\u00a0<\/p>\n<\/td>\n<\/tr>\n<\/tbody>\n<\/table>\n<p>\u00a0<\/p>\n<p><strong>Funkci\u00f3- \u00e9s teljes\u00edtm\u00e9ny cookiek: <\/strong><\/p>\n<p>Ezek a cookiek a Honlap l\u00e1togat\u00f3ir\u00f3l anonim m\u00f3don \u2013 egy, a cookie \u00e1ltal v\u00e9letlenszer\u0171en gener\u00e1lt \u00fcgyf\u00e9l-azonos\u00edt\u00f3 k\u00f3d seg\u00edts\u00e9g\u00e9vel \u2013, statisztikai c\u00e9lb\u00f3l gy\u0171jtenek adatokat. Ezek a cookiek lehet\u0151v\u00e9 teszik sz\u00e1munkra, hogy figyelemmel k\u00eds\u00e9rj\u00fck \u00e9s jav\u00edtsuk webhely\u00fcnk teljes\u00edtm\u00e9ny\u00e9t, p\u00e9ld\u00e1ul lehet\u0151v\u00e9 teszik sz\u00e1munkra, hogy k\u00f6vess\u00fck a l\u00e1togat\u00e1sok sz\u00e1m\u00e1t, azonos\u00edtsuk a forgalom forr\u00e1s\u00e1t \u00e9s a webhely legn\u00e9pszer\u0171bb r\u00e9szeit, tov\u00e1bb\u00e1 ezek a cookiek lehet\u0151v\u00e9 teszik a webhely sz\u00e1m\u00e1ra, hogy eml\u00e9kezzen az \u00d6n v\u00e1laszt\u00e1saira (p\u00e9ld\u00e1ul felhaszn\u00e1l\u00f3n\u00e9v, nyelv). Az adatok alapj\u00e1n az Adatkezel\u0151 nem k\u00e9pes az \u00c9rintett azonos\u00edt\u00e1s\u00e1ra, \u00e9s nem tesz l\u00e9p\u00e9seket az \u00c9rintett azonos\u00edt\u00e1s\u00e1ra. Az adatkezel\u00e9s jogalapja az Adatkezel\u0151 azon jogos \u00e9rdeke inform\u00e1ci\u00f3t kapjon az honlap l\u00e1togatotts\u00e1g\u00e1r\u00f3l \u00e9s m\u00e1s statisztikai c\u00e9l\u00fa adatokr\u00f3l \u00e9s ezzel lehet\u0151s\u00e9ge legyen a honlap fejleszt\u00e9s\u00e9re, biztons\u00e1g\u00e1nak n\u00f6vel\u00e9s\u00e9re. Az adatkezel\u0151 az adatokat anonimiz\u00e1ltan statisztik\u00e1k k\u00e9sz\u00edt\u00e9s\u00e9re, elemz\u00e9sre haszn\u00e1lja fel, viselked\u00e9s preferenci\u00e1kat nem gy\u0171jt, \u00e9s automatiz\u00e1lt d\u00f6nt\u00e9shozatal ezek alapj\u00e1n nem t\u00f6rt\u00e9nik, szem\u00e9lyre szabott aj\u00e1nlatokat sem k\u00fcld ez alapj\u00e1n az Adatkezel\u0151 a felhaszn\u00e1l\u00f3knak.<\/p>\n<table width=\"930\">\n<tbody>\n<tr>\n<td width=\"104\">\n<p><strong>A cookie neve<\/strong><\/p>\n<\/td>\n<td width=\"148\">\n<p><strong>A cokie szolg\u00e1ltat\u00f3ja<\/strong><\/p>\n<\/td>\n<td width=\"135\">\n<p><strong>A cookie t\u00edpusa<\/strong><\/p>\n<\/td>\n<td width=\"423\">\n<p><strong>A cookie c\u00e9lja<\/strong><\/p>\n<\/td>\n<td width=\"120\">\n<p><strong>Lej\u00e1rati id\u0151<\/strong><\/p>\n<\/td>\n<\/tr>\n<tr>\n<td width=\"104\">\n<p>_ga<\/p>\n<\/td>\n<td width=\"148\">\n<p>google.com<\/p>\n<\/td>\n<td width=\"135\">\n<p>funkci\u00f3 cookie<\/p>\n<\/td>\n<td width=\"423\">\n<p>Ez a cookie a l\u00e1togat\u00f3k \u00e9s munkamenetek megk\u00fcl\u00f6nb\u00f6ztet\u00e9s\u00e9t szolg\u00e1lja.<\/p>\n<\/td>\n<td width=\"120\">\n<p>a l\u00e1togat\u00e1st\u00f3l sz\u00e1m\u00edtott 2 \u00e9v<\/p>\n<\/td>\n<\/tr>\n<tr>\n<td width=\"104\">\n<p>_ga_S03PZ75KKV<\/p>\n<\/td>\n<td width=\"148\">\n<p>google.com<\/p>\n<\/td>\n<td width=\"135\">\n<p>\u00e1lland\u00f3 cookie<\/p>\n<\/td>\n<td width=\"423\">\n<p>A munkamenet \u00e1llapot\u00e1nak meg\u0151rz\u00e9s\u00e9re szolg\u00e1l.<\/p>\n<\/td>\n<td width=\"120\">\n<p>2 \u00e9v<\/p>\n<\/td>\n<\/tr>\n<tr>\n<td width=\"104\">\n<p>_gat\u00ad_gtag_UA_215062942_1<\/p>\n<\/td>\n<td width=\"148\">\n<p>google.com<\/p>\n<\/td>\n<td width=\"135\">\n<p>munkamenet cookie<\/p>\n<\/td>\n<td width=\"423\">\n<p>A k\u00e9r\u00e9sek sebess\u00e9g\u00e9nek szab\u00e1lyoz\u00e1s\u00e1ra szolg\u00e1l. Ha a Google Analytics a Google C\u00edmkekezel\u0151n kereszt\u00fcl ker\u00fcl telep\u00edt\u00e9sre, akkor ennek a cookie-nak a neve _dc_gtm_&lt;property-id&gt;.<\/p>\n<\/td>\n<td width=\"120\">\n<p>1 perc<\/p>\n<\/td>\n<\/tr>\n<tr>\n<td width=\"104\">\n<p>_gid<\/p>\n<\/td>\n<td width=\"148\">\n<p>google.com<\/p>\n<\/td>\n<td width=\"135\">\n<p>munkamenet cookie<\/p>\n<\/td>\n<td width=\"423\">\n<p>Feladata a felhaszn\u00e1l\u00f3k megk\u00fcl\u00f6nb\u00f6ztet\u00e9se<\/p>\n<\/td>\n<td width=\"120\">\n<p>24 \u00f3ra<\/p>\n<\/td>\n<\/tr>\n<\/tbody>\n<\/table>\n<p>\u00a0<\/p>\t\t\t\t\t\t\t\t<\/div>\n\t\t\t\t<\/div>\n\t\t\t\t\t<\/div>\n\t\t<\/div>\n\t\t\t\t\t<\/div>\n\t\t<\/section>\n\t\t\t\t<\/div>","protected":false},"excerpt":{"rendered":"<p>Cookie-k alkalmaz\u00e1s\u00e1val \u00f6sszef\u00fcgg\u0151 adatkezel\u00e9s Honlapunk cookie-kat haszn\u00e1l annak megfelel\u0151 m\u0171k\u00f6d\u00e9s\u00e9nek, valamint alapvet\u0151 \u00e9s k\u00e9nyelmi funkci\u00f3k biztos\u00edt\u00e1sa \u00e9rdek\u00e9ben, marketing c\u00e9lb\u00f3l, tov\u00e1bb\u00e1 anonim statisztik\u00e1k k\u00e9sz\u00edt\u00e9se c\u00e9lj\u00e1b\u00f3l. A cookie\/cookie egy olyan f\u00e1jl (inform\u00e1ci\u00f3csomag), amely akkor ker\u00fcl(het) a b\u00f6ng\u00e9sz\u00e9sre haszn\u00e1lt eszk\u00f6zre, amikor az \u00e9rintett egy weboldalt l\u00e1togat meg. A cookie-k alkalmaz\u00e1sa lehet\u0151s\u00e9get biztos\u00edt a l\u00e1togat\u00f3 egyes adatainak lek\u00e9rdez\u00e9s\u00e9re, valamint [&hellip;]<\/p>\n","protected":false},"author":1,"featured_media":0,"parent":0,"menu_order":0,"comment_status":"closed","ping_status":"closed","template":"","meta":{"footnotes":""},"class_list":["post-445","page","type-page","status-publish","hentry"],"blocksy_meta":{"styles_descriptor":{"styles":{"desktop":"","tablet":"","mobile":""},"google_fonts":[],"version":4}},"_links":{"self":[{"href":"https:\/\/ravina-products.com\/en\/wp-json\/wp\/v2\/pages\/445","targetHints":{"allow":["GET"]}}],"collection":[{"href":"https:\/\/ravina-products.com\/en\/wp-json\/wp\/v2\/pages"}],"about":[{"href":"https:\/\/ravina-products.com\/en\/wp-json\/wp\/v2\/types\/page"}],"author":[{"embeddable":true,"href":"https:\/\/ravina-products.com\/en\/wp-json\/wp\/v2\/users\/1"}],"replies":[{"embeddable":true,"href":"https:\/\/ravina-products.com\/en\/wp-json\/wp\/v2\/comments?post=445"}],"version-history":[{"count":4,"href":"https:\/\/ravina-products.com\/en\/wp-json\/wp\/v2\/pages\/445\/revisions"}],"predecessor-version":[{"id":548,"href":"https:\/\/ravina-products.com\/en\/wp-json\/wp\/v2\/pages\/445\/revisions\/548"}],"wp:attachment":[{"href":"https:\/\/ravina-products.com\/en\/wp-json\/wp\/v2\/media?parent=445"}],"curies":[{"name":"wp","href":"https:\/\/api.w.org\/{rel}","templated":true}]}}