{"id":209,"date":"2021-11-28T11:22:53","date_gmt":"2021-11-28T11:22:53","guid":{"rendered":"https:\/\/ravina-products.com\/?post_type=product&#038;p=209"},"modified":"2023-09-05T12:42:25","modified_gmt":"2023-09-05T12:42:25","slug":"licsi-biomez-150g","status":"publish","type":"product","link":"https:\/\/ravina-products.com\/en\/product\/licsi-biomez-150g\/","title":{"rendered":"Lychee biohoney 150g"},"content":{"rendered":"<h2>Honnan sz\u00e1rmazik a licsi biom\u00e9z?<\/h2>\n<p>Lychee, a sweet fruit which comes with Christmas and New Year\u2019s season in Madagascar, is also an excellent source of honey. Lychee trees can be found in Madagascar where, if not endemic, they grow in the south-east part of the Big Island where Lychee forest is bathed in sunshine, enhancing the quality of the fruit and honey. Badly hit by droughts, this imposing tree is highly appreciated by bees, which do not hesitate to make long-distance flights to pollinate its flowers.<\/p>\n<h2>Licsi biom\u00e9z &#8211; Milyen \u00edze van?<\/h2>\n<p>A licsi vir\u00e1gok rendk\u00edv\u00fcl \u00e9des \u00e9s flor\u00e1lis \u00edz\u0171 m\u00e9zet adnak, amelynek saj\u00e1tos h\u0171v\u00f6s, bizserget\u0151 ut\u00f3\u00edze a licsi gy\u00fcm\u00f6lcs\u00e9hez hasonl\u00edt. A n\u00f6v\u00e9nyv\u00e9d\u0151szer-mentes k\u00f6rnyezetben sz\u00fcretelt licsi biom\u00e9z\u00fcnk k\u00fcl\u00f6nleges\/egyedi zamat\u00e1val, finom r\u00f3zsaillat\u00e1val \u00e9s enyh\u00e9n savany\u00fa \u00edz\u00e9vel cs\u00e1b\u00edt el. P\u00e1ratlan \u00edze van, \u00e9des \u00e9s savany\u00fa egyar\u00e1nt, amely \u00f6sszes\u00edti a licsi vir\u00e1g minden \u00edzjegy\u00e9t.<\/p>\n<h2>Mit k\u00edn\u00e1l a Ravina licsi biom\u00e9z?<\/h2>\n<p>Lychee Honey has a golden color at harvest time. Then, it quickly crystallizes and turns white. Its rawness is evident from its natural aroma; we offer you 100 % pure Lychee honey without any preservatives or taste enhancers that retains all its original nutrients.<\/p>\n<h2>Licsi biom\u00e9z \u2013 Tov\u00e1bbi tudnival\u00f3k:<\/h2>\n<p>M\u00e9zet lehet\u0151leg fogyaszt\u00e1si h\u0151m\u00e9rs\u00e9klet\u0171 (max. 45\u00b0C-os) italba tegy\u00fcnk, hogy a m\u00e9z meg\u0151rizze j\u00f3t\u00e9kony hat\u00e1s\u00e1t. A m\u00e9z krist\u00e1lyosod\u00e1sa term\u00e9szetes folyamat; a min\u0151s\u00e9g\u00e9t egy\u00e1ltal\u00e1n nem befoly\u00e1solja.<\/p>","protected":false},"excerpt":{"rendered":"<p>The lychee fruit grows particularly well in Madagascar, and produces a fresh-tasting and extremely delicate nectar.<\/p>\n<h4>Licsi Biom\u00e9z \u00edzvil\u00e1ga:<\/h4>\n<p>A m\u00e9z\u00e9nek \u00f6sszet\u00e9veszthetetlen az \u00edzvil\u00e1ga, egyszerre \u00e9des \u00e9s savany\u00fa, arom\u00e1j\u00e1ban a licsi vir\u00e1g \u00e9s a r\u00f3zsa jellegzetes jegyei k\u00f6sz\u00f6nnek vissza.<\/p>","protected":false},"featured_media":730,"template":"","meta":[],"product_brand":[],"product_cat":[15],"product_tag":[],"class_list":{"0":"post-209","1":"product","2":"type-product","3":"status-publish","4":"has-post-thumbnail","6":"product_cat-bio-honey","8":"first","9":"instock","10":"shipping-taxable","11":"purchasable","12":"product-type-simple"},"supplier_id":null,"supplier_sku":"","barcode":null,"atum_controlled":true,"out_stock_date":null,"out_stock_threshold":null,"inheritable":false,"inbound_stock":null,"stock_on_hold":0,"sold_today":0,"sales_last_days":0,"reserved_stock":null,"customer_returns":null,"warehouse_damage":null,"lost_in_post":null,"other_logs":null,"out_stock_days":0,"lost_sales":0,"has_location":false,"update_date":"2026-05-10T06:31:30","atum_locations":[],"atum_stock_status":"instock","restock_status":false,"low_stock_amount":"","sales_update_date":"2026-05-10T06:31:30","calc_backorders":null,"_links":{"self":[{"href":"https:\/\/ravina-products.com\/en\/wp-json\/wp\/v2\/product\/209","targetHints":{"allow":["GET"]}}],"collection":[{"href":"https:\/\/ravina-products.com\/en\/wp-json\/wp\/v2\/product"}],"about":[{"href":"https:\/\/ravina-products.com\/en\/wp-json\/wp\/v2\/types\/product"}],"wp:featuredmedia":[{"embeddable":true,"href":"https:\/\/ravina-products.com\/en\/wp-json\/wp\/v2\/media\/730"}],"wp:attachment":[{"href":"https:\/\/ravina-products.com\/en\/wp-json\/wp\/v2\/media?parent=209"}],"wp:term":[{"taxonomy":"product_brand","embeddable":true,"href":"https:\/\/ravina-products.com\/en\/wp-json\/wp\/v2\/product_brand?post=209"},{"taxonomy":"product_cat","embeddable":true,"href":"https:\/\/ravina-products.com\/en\/wp-json\/wp\/v2\/product_cat?post=209"},{"taxonomy":"product_tag","embeddable":true,"href":"https:\/\/ravina-products.com\/en\/wp-json\/wp\/v2\/product_tag?post=209"}],"curies":[{"name":"wp","href":"https:\/\/api.w.org\/{rel}","templated":true}]}}