{"id":353,"date":"2021-12-11T10:24:28","date_gmt":"2021-12-11T10:24:28","guid":{"rendered":"https:\/\/ravina-products.com\/?post_type=product&#038;p=353"},"modified":"2023-09-05T12:39:08","modified_gmt":"2023-09-05T12:39:08","slug":"dry-forests-biomez-150g","status":"publish","type":"product","link":"https:\/\/ravina-products.com\/en\/product\/dry-forests-biomez-150g\/","title":{"rendered":"Dry Forests biohoney 150g"},"content":{"rendered":"<h2>Biom\u00e9z a sz\u00e1raz erd\u0151k kincse<\/h2>\n<p>A Dry Forests vadm\u00e9z (biom\u00e9z) az egyik legritk\u00e1bb madagaszk\u00e1ri m\u00e9z. A vadm\u00e9zet hordozhat\u00f3 kapt\u00e1rok seg\u00edts\u00e9g\u00e9vel helyi m\u00e9h\u00e9szek takar\u00edtj\u00e1k be a sziget legd\u00e9libb cs\u00fccsk\u00e9nek tr\u00f3pusi sz\u00e1raz erd\u0151iben, az Androy r\u00e9gi\u00f3ban. Ezeknek a t\u00f6bbnyire baobabf\u00e1kb\u00f3l \u00e1ll\u00f3 erd\u0151knek a k\u00fcl\u00f6nlegess\u00e9ge a biol\u00f3giai sokf\u00e9les\u00e9g\u00fckben, biodiverzit\u00e1sukban rejlik. Ezek a ritka \u0151shonos n\u00f6v\u00e9nyek tisztas\u00e1gukkal \u00e9s saj\u00e1tos aromajegyeikkel egyed\u00fcl\u00e1ll\u00f3v\u00e1 \u00e9s gazdag \u00edzvil\u00e1g\u00fav\u00e1 teszik a Dry Forests biom\u00e9zet.<\/p>\n<h2>Mit lehet tudni a Dry Forests biom\u00e9z lel\u0151hely\u00e9r\u0151l?<\/h2>\n<p>Dry Forests are key to maintaining our ecosystems viable. They're important from a carbon storage standpoint. They can hold significant amounts of carbon in biomass and in the soils. The tropical dry forest is considered the most endangered tropical biome. Beekeeping in this area helps preserve the dry forests as they offer alternative economic solutions to locals. This way they will protect forests as their source of revenues, instead of burning them for slash agriculture or charcoal production.<\/p>\n<h2>Dry Forests biom\u00e9z \u00edzvil\u00e1ga \u00e9s \u00e1llaga<\/h2>\n<p>Ez az \u00e9rt\u00e9kes m\u00e9z rendk\u00edv\u00fcl \u00edzletes, er\u0151s illat\u00e1val \u00e9s s\u00f6t\u00e9tbarna sz\u00edn\u00e9vel \u00e1mulatba ejt. S\u0171r\u0171n foly\u00f3s \u00e1llaga \u00e9s d\u00fas \u00e9s sima megjelen\u00e9se miatt egyedis\u00e9g\u00e9ben vitathatatlanul kiemelkedik a Dry Forests biom\u00e9z a t\u00f6bbi m\u00e9z k\u00f6z\u00fcl.<\/p>\n<h3>100%-ban bio!<\/h3>\n<p>A Dry Forests m\u00e9z\u00fcnk sz\u00e1mos el\u0151nye k\u00f6z\u00e9 tartozik, hogy gazdag antioxid\u00e1nsokban \u00e9s mikrot\u00e1panyagban, emellett n\u00f6v\u00e9nyv\u00e9d\u0151szer-mentes, GMO-mentes \u00e9s tan\u00fas\u00edtottan 100% bio.<\/p>\n<h3>Legjobb p\u00e1ros\u00edt\u00e1s a francia kecskesajtok mell\u00e9<\/h3>\n<p>Sz\u00e1raz, \u201ccrottin\u201d t\u00edpus\u00fa kecske sajtok vagy feta mell\u00e9 t\u00f6k\u00e9letes m\u00e9z, ez\u00e9rt kifejezetten aj\u00e1nlott a t\u00f6k\u00e9letes francia kecskesajt sal\u00e1ta elk\u00e9sz\u00edt\u00e9s\u00e9hez.<\/p>\n<h2>Dry Forests biom\u00e9z \u2013 Tov\u00e1bbi tudnival\u00f3k:<\/h2>\n<p>M\u00e9zet lehet\u0151leg fogyaszt\u00e1si h\u0151m\u00e9rs\u00e9klet\u0171 (max. 45\u00b0C-os) italba tegy\u00fcnk, hogy a m\u00e9z meg\u0151rizze j\u00f3t\u00e9kony hat\u00e1s\u00e1t. A m\u00e9z krist\u00e1lyosod\u00e1sa term\u00e9szetes folyamat; a min\u0151s\u00e9g\u00e9t egy\u00e1ltal\u00e1n nem befoly\u00e1solja.<\/p>","protected":false},"excerpt":{"rendered":"<p>A tr\u00f3pusi sz\u00e1razerd\u0151k vadm\u00e9ze az egyik legritk\u00e1bb \u00e9s legk\u00fcl\u00f6nlegesebb madagaszk\u00e1ri m\u00e9z, amit a sziget d\u00e9li r\u00e9sz\u00e9n termesztenek.<\/p>\n<h4>Dry Forests biom\u00e9z \u00edzvil\u00e1ga:<\/h4>\n<p>This unique nectar amazes with its tasty and rich flavour, and dark brown colour.<\/p>","protected":false},"featured_media":720,"template":"","meta":[],"product_brand":[],"product_cat":[15],"product_tag":[],"class_list":{"0":"post-353","1":"product","2":"type-product","3":"status-publish","4":"has-post-thumbnail","6":"product_cat-bio-honey","8":"first","9":"instock","10":"shipping-taxable","11":"purchasable","12":"product-type-simple"},"supplier_id":null,"supplier_sku":"","barcode":null,"atum_controlled":true,"out_stock_date":null,"out_stock_threshold":null,"inheritable":false,"inbound_stock":null,"stock_on_hold":0,"sold_today":0,"sales_last_days":0,"reserved_stock":null,"customer_returns":null,"warehouse_damage":null,"lost_in_post":null,"other_logs":null,"out_stock_days":0,"lost_sales":0,"has_location":false,"update_date":"2026-05-10T06:31:30","atum_locations":[],"atum_stock_status":"instock","restock_status":false,"low_stock_amount":"","sales_update_date":"2026-05-10T06:31:30","calc_backorders":null,"_links":{"self":[{"href":"https:\/\/ravina-products.com\/en\/wp-json\/wp\/v2\/product\/353","targetHints":{"allow":["GET"]}}],"collection":[{"href":"https:\/\/ravina-products.com\/en\/wp-json\/wp\/v2\/product"}],"about":[{"href":"https:\/\/ravina-products.com\/en\/wp-json\/wp\/v2\/types\/product"}],"wp:featuredmedia":[{"embeddable":true,"href":"https:\/\/ravina-products.com\/en\/wp-json\/wp\/v2\/media\/720"}],"wp:attachment":[{"href":"https:\/\/ravina-products.com\/en\/wp-json\/wp\/v2\/media?parent=353"}],"wp:term":[{"taxonomy":"product_brand","embeddable":true,"href":"https:\/\/ravina-products.com\/en\/wp-json\/wp\/v2\/product_brand?post=353"},{"taxonomy":"product_cat","embeddable":true,"href":"https:\/\/ravina-products.com\/en\/wp-json\/wp\/v2\/product_cat?post=353"},{"taxonomy":"product_tag","embeddable":true,"href":"https:\/\/ravina-products.com\/en\/wp-json\/wp\/v2\/product_tag?post=353"}],"curies":[{"name":"wp","href":"https:\/\/api.w.org\/{rel}","templated":true}]}}