{"id":357,"date":"2021-12-11T10:32:02","date_gmt":"2021-12-11T10:32:02","guid":{"rendered":"https:\/\/ravina-products.com\/?post_type=product&#038;p=357"},"modified":"2023-09-05T12:38:19","modified_gmt":"2023-09-05T12:38:19","slug":"niaouli-biomez-diszdobozzal-150g","status":"publish","type":"product","link":"https:\/\/ravina-products.com\/en\/product\/niaouli-biomez-diszdobozzal-150g\/","title":{"rendered":"Niaouli biohoney with box 150g"},"content":{"rendered":"<h2>Honnan ismert a niaouli?<\/h2>\n<p>A niaouli Madagaszk\u00e1ron \u0151shonos fa, legink\u00e1bb esszencia olaj\u00e1r\u00f3l \u00e9s vir\u00e1gkivonat\u00e1r\u00f3l ismert a parf\u00fcmk\u00e9sz\u00edt\u0151k k\u00f6r\u00e9ben. Mindemellett ez a fa adja a vil\u00e1g egyik legk\u00fcl\u00f6nlegesebb m\u00e9z\u00e9t, amit a buja \u00e9s vad n\u00f6v\u00e9nyzet\u00e9r\u0151l ismert Manakar\u00e1ban, a sziget d\u00e9l-keleti partj\u00e1n\u00e1l elter\u00fcl\u0151 erd\u0151kben termesztenek.<\/p>\n<p>Ezek az \u00e9rintetlen erd\u0151k teljesen f\u00fcst \u00e9s zaj mentesek, ahol a szorgos m\u00e9hek vir\u00e1gr\u00f3l vir\u00e1gra gy\u0171jtik be a nekt\u00e1rt, hogy olyan m\u00e9zet k\u00e9sz\u00edtsenek, amiben a niaouli fa var\u00e1zslatos, feh\u00e9r vir\u00e1gai visszak\u00f6sz\u00f6nnek. A niaouli m\u00e9znek hosszantart\u00f3 arany sz\u00edne van, begy\u0171jt\u00e9skor foly\u00e9kony \u00e1llag\u00fa, k\u00e9s\u0151bb bes\u0171r\u0171s\u00f6dik, term\u00e9szetes folyamata a krist\u00e1lyosod\u00e1s.<\/p>\n<h2>Milyen \u00edzvil\u00e1got k\u00e9pvisel a niaouli biom\u00e9z?<\/h2>\n<p>Niaouli offers a very atypical honey and powerful taste, which will appeal to the lovers of strong honeys. Its flavor is woody with notes of coffee, lemongrass, mango and vanilla. This pure natural honey is suitable for all kitchens. Its fresh, exotic notes surprise with a taste of salted butter caramel, and its finesse is unparalleled. Ideal with a slice of whole meal bread or in a cup of tea, you can also use it in different recipes.<\/p>\n<h3>Niaouli biom\u00e9z \u2013 Sz\u00e9les felhaszn\u00e1lhat\u00f3s\u00e1got k\u00edn\u00e1l<\/h3>\n<p>Friss, egzotikus jegyei a s\u00f3s vajkaramell \u00edz\u00e9vel lepnek meg, l\u00e1gy text\u00far\u00e1ja pedig p\u00e1ratlann\u00e1 teszi a niaouli biom\u00e9zet. Ide\u00e1lis egy szelet teljes ki\u0151rl\u00e9s\u0171 keny\u00e9r mell\u00e9 vagy egy cs\u00e9sze te\u00e1ba, de k\u00fcl\u00f6nf\u00e9le receptekben is remek\u00fcl felhaszn\u00e1lhat\u00f3 m\u00e9zr\u0151l besz\u00e9l\u00fcnk. Az eg\u00e9szs\u00e9ges \u00e9s er\u0151teljes niaouli a s\u00e9fek kedvence, mivel jellegzetess\u00e9 teszi a csirke, sajt \u00e9s hal\u00e9teleket. A niaouli biom\u00e9z \u00e1ltal hozott hosszantart\u00f3 \u00e9s k\u00fcl\u00f6nleges \u00edzek egy csipet eredetis\u00e9get k\u00f6lcs\u00f6n\u00f6znek a recepteknek.<\/p>\n<h3>Megf\u00e1z\u00e1s ellen a niaouli m\u00e9zzel!<\/h3>\n<p>A madagaszk\u00e1ri hagyom\u00e1ny szerint a niaouli m\u00e9znek sz\u00e1mos j\u00f3t\u00e9kony, t\u00f6bbek k\u00f6zt antivir\u00e1lis \u00e9s antibakteri\u00e1lis hat\u00e1sa van. Rendk\u00edv\u00fcl hat\u00e9kony megf\u00e1z\u00e1s eset\u00e9n, egy kan\u00e1lnyi m\u00e9z egy cs\u00e9sze gy\u00f3gyte\u00e1ba keverve seg\u00edt csillap\u00edtani a k\u00f6h\u00f6g\u00e9st, megf\u00e1z\u00e1st.<\/p>\n<h3>100% tisztas\u00e1g!<\/h3>\n<p>Csak nyers biom\u00e9zzel dolgozunk, ami azt jelenti, hogy m\u00e9zeink semmivel nincsenek h\u0151kezelve, \u00f6sszekeverve, csak durv\u00e1n sz\u0171rve. \u00cdgy lesz 100%-os tisztas\u00e1g\u00fa, ahogy a m\u00e9hek szeretik.<\/p>\n<h2>Niaouli biom\u00e9z \u2013 Tov\u00e1bbi tudnival\u00f3k:<\/h2>\n<p>M\u00e9zet lehet\u0151leg fogyaszt\u00e1si h\u0151m\u00e9rs\u00e9klet\u0171 (max. 45\u00b0C-os) italba tegy\u00fcnk, hogy a m\u00e9z meg\u0151rizze j\u00f3t\u00e9kony hat\u00e1s\u00e1t. A m\u00e9z krist\u00e1lyosod\u00e1sa term\u00e9szetes folyamat; a min\u0151s\u00e9g\u00e9t egy\u00e1ltal\u00e1n nem befoly\u00e1solja.<\/p>","protected":false},"excerpt":{"rendered":"<p>T\u00f6k\u00e9letes v\u00e1laszt\u00e1s, eleg\u00e1ns d\u00edszdoboza miatt.<br \/>\nA f\u0151leg kiv\u00e1l\u00f3 esszencia olaj\u00e1r\u00f3l ismert niaouli n\u00f6v\u00e9ny eg\u00e9sz Madagaszk\u00e1r sziget\u00e9n megtal\u00e1lhat\u00f3.<\/p>\n<h4>Niaouli biom\u00e9z \u00edzvil\u00e1ga:<\/h4>\n<p>A niaouli m\u00e9z intenz\u00edv, egzotikus arom\u00e1ja eredetis\u00e9g\u00e9vel biztosan \u00e9letre kelti minden \u00e9rz\u00e9kedet.<\/p>","protected":false},"featured_media":718,"template":"","meta":[],"product_brand":[],"product_cat":[15],"product_tag":[],"class_list":{"0":"post-357","1":"product","2":"type-product","3":"status-publish","4":"has-post-thumbnail","6":"product_cat-bio-honey","8":"first","9":"instock","10":"shipping-taxable","11":"purchasable","12":"product-type-simple"},"supplier_id":null,"supplier_sku":"","barcode":null,"atum_controlled":true,"out_stock_date":null,"out_stock_threshold":null,"inheritable":false,"inbound_stock":null,"stock_on_hold":0,"sold_today":0,"sales_last_days":0,"reserved_stock":null,"customer_returns":null,"warehouse_damage":null,"lost_in_post":null,"other_logs":null,"out_stock_days":0,"lost_sales":0,"has_location":false,"update_date":"2026-05-10T06:31:30","atum_locations":[],"atum_stock_status":"instock","restock_status":false,"low_stock_amount":"","sales_update_date":"2026-05-10T06:31:30","calc_backorders":null,"_links":{"self":[{"href":"https:\/\/ravina-products.com\/en\/wp-json\/wp\/v2\/product\/357","targetHints":{"allow":["GET"]}}],"collection":[{"href":"https:\/\/ravina-products.com\/en\/wp-json\/wp\/v2\/product"}],"about":[{"href":"https:\/\/ravina-products.com\/en\/wp-json\/wp\/v2\/types\/product"}],"wp:featuredmedia":[{"embeddable":true,"href":"https:\/\/ravina-products.com\/en\/wp-json\/wp\/v2\/media\/718"}],"wp:attachment":[{"href":"https:\/\/ravina-products.com\/en\/wp-json\/wp\/v2\/media?parent=357"}],"wp:term":[{"taxonomy":"product_brand","embeddable":true,"href":"https:\/\/ravina-products.com\/en\/wp-json\/wp\/v2\/product_brand?post=357"},{"taxonomy":"product_cat","embeddable":true,"href":"https:\/\/ravina-products.com\/en\/wp-json\/wp\/v2\/product_cat?post=357"},{"taxonomy":"product_tag","embeddable":true,"href":"https:\/\/ravina-products.com\/en\/wp-json\/wp\/v2\/product_tag?post=357"}],"curies":[{"name":"wp","href":"https:\/\/api.w.org\/{rel}","templated":true}]}}